{"id":103,"date":"2024-06-18T12:57:29","date_gmt":"2024-06-18T12:57:29","guid":{"rendered":"http:\/\/35.88.158.37\/?page_id=103"},"modified":"2025-08-19T22:54:58","modified_gmt":"2025-08-19T22:54:58","slug":"our-agents","status":"publish","type":"page","link":"https:\/\/ghia-ca.com\/vi\/our-agents\/","title":{"rendered":"C\u00e1c \u0111\u1ea1i l\u00fd c\u1ee7a ch\u00fang t\u00f4i"},"content":{"rendered":"<div class=\"fusion-fullwidth fullwidth-box fusion-builder-row-1 nonhundred-percent-fullwidth non-hundred-percent-height-scrolling\"  style='background-color: rgba(255,255,255,0);background-position: center center;background-repeat: no-repeat;padding-top:0px;padding-right:0px;padding-bottom:0px;padding-left:0px;'><div class=\"fusion-builder-row fusion-row\"><div  class=\"fusion-layout-column fusion_builder_column fusion_builder_column_1_1 fusion-builder-column-0 fusion-one-full fusion-column-first fusion-column-last 1_1\"  style='margin-top:0px;margin-bottom:20px;'><div class=\"fusion-column-wrapper\" style=\"padding: 0px 0px 0px 0px;background-position:left top;background-repeat:no-repeat;-webkit-background-size:cover;-moz-background-size:cover;-o-background-size:cover;background-size:cover;\"   data-bg-url=\"\"><div class=\"fusion-text\"><p style=\"color: #939598;\">H\u00e3y h\u1ee3p t\u00e1c v\u1edbi c\u00e1c \u0111\u1ea1i l\u00fd b\u1ea3o hi\u1ec3m Medicare hi\u1ec3u bi\u1ebft c\u1ee7a ch\u00fang t\u00f4i!<\/p>\n<p style=\"color: #939598;\">C\u00e1c \u0111\u1ea1i l\u00fd \u0111\u01b0\u1ee3c c\u1ea5p ph\u00e9p c\u1ee7a ch\u00fang t\u00f4i hi\u1ec3u r\u1eb1ng m\u1ed7i ng\u01b0\u1eddi l\u00e0 duy nh\u1ea5t v\u00e0 nhu c\u1ea7u ch\u0103m s\u00f3c s\u1ee9c kh\u1ecfe c\u1ee7a m\u1ed7i ng\u01b0\u1eddi l\u00e0 kh\u00e1c nhau. Ch\u00fang t\u00f4i tin r\u1eb1ng c\u00e1ch t\u1ed1t nh\u1ea5t \u0111\u1ec3 l\u1ef1a ch\u1ecdn ch\u01b0\u01a1ng tr\u00ecnh cho b\u1ea1n l\u00e0 tr\u01b0\u1edbc ti\u00ean h\u00e3y bi\u1ebft c\u00e1c l\u1ef1a ch\u1ecdn c\u1ee7a b\u1ea1n tr\u00ean th\u1ecb tr\u01b0\u1eddng. C\u00f3 nhi\u1ec1u ch\u01b0\u01a1ng tr\u00ecnh Medicare Advantage tr\u00ean kh\u1eafp V\u00f9ng V\u1ecbnh San Francisco v\u00e0 m\u1ed7i ch\u01b0\u01a1ng tr\u00ecnh \u0111\u1ec1u cung c\u1ea5p m\u1ed9t s\u1ed1 th\u1ee9 h\u01a1i kh\u00e1c nhau nh\u01b0 c\u00e1c quy\u1ec1n l\u1ee3i b\u1ed5 sung. C\u00e1c \u0111\u1ea1i l\u00fd c\u1ee7a ch\u00fang t\u00f4i c\u00f3 ki\u1ebfn th\u1ee9c v\u1ec1 c\u00e1c ch\u01b0\u01a1ng tr\u00ecnh Medicare Advantage tr\u00ean kh\u1eafp California v\u00e0 c\u00f3 th\u1ec3 xem x\u00e9t t\u1eebng t\u00f9y ch\u1ecdn \u0111\u0103ng k\u00fd c\u1ee7a b\u1ea1n <strong>kh\u00f4ng m\u1ea5t ph\u00ed <\/strong>cho b\u1ea1n.<\/p>\n<p style=\"color: #939598;\">Th\u00f4ng tin li\u00ean l\u1ea1c c\u1ee7a c\u00e1c \u0111\u1ea1i l\u00fd \u0111\u01b0\u1ee3c c\u1ea5p ph\u00e9p c\u1ee7a ch\u00fang t\u00f4i \u0111\u01b0\u1ee3c li\u1ec7t k\u00ea b\u00ean d\u01b0\u1edbi c\u00f9ng v\u1edbi ng\u00f4n ng\u1eef n\u00f3i c\u1ee7a h\u1ecd. H\u00e3y li\u00ean h\u1ec7 v\u1edbi m\u1ed9t trong c\u00e1c \u0111\u1ea1i l\u00fd c\u1ee7a ch\u00fang t\u00f4i ngay h\u00f4m nay \u0111\u1ec3 t\u00ecm hi\u1ec3u th\u00eam!<\/p>\n<\/div><div class=\"fusion-content-boxes content-boxes columns row fusion-columns-1 fusion-columns-total-5 fusion-content-boxes-1 content-boxes-clean-horizontal content-left content-boxes-icon-on-side\" data-animationoffset=\"100%\" style=\"margin-top:;margin-bottom:;\"><style type=\"text\/css\">.fusion-content-boxes-1 .heading .content-box-heading {color:#245999;}\n\t\t\t\t\t.fusion-content-boxes-1 .fusion-content-box-hover .link-area-link-icon-hover .heading .content-box-heading,\n\t\t\t\t\t.fusion-content-boxes-1 .fusion-content-box-hover .link-area-link-icon-hover .heading .heading-link .content-box-heading,\n\t\t\t\t\t.fusion-content-boxes-1 .fusion-content-box-hover .link-area-box-hover .heading .content-box-heading,\n\t\t\t\t\t.fusion-content-boxes-1 .fusion-content-box-hover .link-area-box-hover .heading .heading-link .content-box-heading,\n\t\t\t\t\t.fusion-content-boxes-1 .fusion-content-box-hover .link-area-link-icon-hover.link-area-box .fusion-read-more,\n\t\t\t\t\t.fusion-content-boxes-1 .fusion-content-box-hover .link-area-link-icon-hover.link-area-box .fusion-read-more::after,\n\t\t\t\t\t.fusion-content-boxes-1 .fusion-content-box-hover .link-area-link-icon-hover.link-area-box .fusion-read-more::before,\n\t\t\t\t\t.fusion-content-boxes-1 .fusion-content-box-hover .fusion-read-more:hover:after,\n\t\t\t\t\t.fusion-content-boxes-1 .fusion-content-box-hover .fusion-read-more:hover:before,\n\t\t\t\t\t.fusion-content-boxes-1 .fusion-content-box-hover .fusion-read-more:hover,\n\t\t\t\t\t.fusion-content-boxes-1 .fusion-content-box-hover .link-area-box-hover.link-area-box .fusion-read-more,\n\t\t\t\t\t.fusion-content-boxes-1 .fusion-content-box-hover .link-area-box-hover.link-area-box .fusion-read-more::after,\n\t\t\t\t\t.fusion-content-boxes-1 .fusion-content-box-hover .link-area-box-hover.link-area-box .fusion-read-more::before,\n\t\t\t\t\t.fusion-content-boxes-1 .fusion-content-box-hover .link-area-link-icon-hover .icon .circle-no,\n\t\t\t\t\t.fusion-content-boxes-1 .heading .heading-link:hover .content-box-heading {\n\t\t\t\t\t\tcolor: #d5ad34;\n\t\t\t\t\t}\n\t\t\t\t\t.fusion-content-boxes-1 .fusion-content-box-hover .link-area-box-hover .icon .circle-no {\n\t\t\t\t\t\tcolor: #d5ad34 !important;\n\t\t\t\t\t}.fusion-content-boxes-1 .fusion-content-box-hover .link-area-box.link-area-box-hover .fusion-content-box-button {background: #5aa86c;color: #ffffff;}.fusion-content-boxes-1 .fusion-content-box-hover .link-area-box.link-area-box-hover .fusion-content-box-button .fusion-button-text {color: #ffffff;}\n\t\t\t\t\t.fusion-content-boxes-1 .fusion-content-box-hover .link-area-link-icon-hover .heading .icon > span {\n\t\t\t\t\t\tbackground-color: #d5ad34 !important;\n\t\t\t\t\t}\n\t\t\t\t\t.fusion-content-boxes-1 .fusion-content-box-hover .link-area-box-hover .heading .icon > span {\n\t\t\t\t\t\tborder-color: #d5ad34 !important;\n\t\t\t\t\t}<\/style><div style=\"border-color:rgba(255,255,255,0);\" class=\"fusion-column content-box-column content-box-column content-box-column-1 col-lg-12 col-md-12 col-sm-12 fusion-content-box-hover content-box-column-last-in-row\"><div class=\"col content-box-wrapper content-wrapper link-area-link-icon content-icon-wrapper-yes icon-hover-animation-fade\" style=\"background-color:rgba(255,255,255,0);\" data-animationoffset=\"100%\"><div class=\"heading heading-with-icon icon-left\"><div class=\"image\"><img decoding=\"async\" src=\"https:\/\/ghia-ca.com\/wp-content\/uploads\/2025\/01\/Photo_FrankChan-L-1-259x300.jpg\" width=\"250\" height=\"289.58\" alt=\"\" \/><\/div><h2 class=\"content-box-heading\" style=\"font-size:24px;line-height:29px;padding-left:270px;\">Frank Chan (\u9673\u4f73\u6587)<\/h2><\/div><div class=\"fusion-clearfix\"><\/div><div class=\"content-container\" style=\"padding-left:270px;color:#4a4e57;\">\n<p><span style=\"color: #939598;\">Ng\u00f4n ng\u1eef: Ti\u1ebfng Anh, Ti\u1ebfng Qu\u1ea3ng \u0110\u00f4ng, Ti\u1ebfng Quan Tho\u1ea1i<\/span><\/p>\n<p><span style=\"color: #939598;\">Gi\u1ea5y ph\u00e9p CA #: 4412031<\/span><\/p>\n<p><span style=\"color: #939598;\">Frank l\u00e0 c\u1ed9ng s\u1ef1 b\u00e1n h\u00e0ng t\u1eadn t\u1ee5y v\u1edbi n\u1ec1n t\u1ea3ng v\u1eefng ch\u1eafc trong vi\u1ec7c h\u1ed7 tr\u1ee3 kh\u00e1ch h\u00e0ng l\u1eadp k\u1ebf ho\u1ea1ch ch\u0103m s\u00f3c s\u1ee9c kh\u1ecfe v\u00e0 ngh\u1ec9 h\u01b0u. Sau nhi\u1ec1u n\u0103m gi\u00fap \u0111\u1ee1 c\u00e1c th\u00e0nh vi\u00ean c\u1ed9ng \u0111\u1ed3ng cao tu\u1ed5i gi\u1ea3i \u0111\u00e1p c\u00e1c c\u00e2u h\u1ecfi v\u1ec1 b\u1ea3o hi\u1ec3m y t\u1ebf, anh mang \u0111\u1ebfn cho nh\u00f3m t\u1ea1i Golden Heritage Insurance Agency (GHIA) m\u1ed9t kh\u1ed1i l\u01b0\u1ee3ng ki\u1ebfn th\u1ee9c v\u00e0 l\u00f2ng tr\u1eafc \u1ea9n. Frank cam k\u1ebft s\u1eed d\u1ee5ng chuy\u00ean m\u00f4n c\u1ee7a m\u00ecnh \u0111\u1ec3 gi\u00fap m\u1ecdi ng\u01b0\u1eddi t\u00ecm ra c\u00e1c l\u1ef1a ch\u1ecdn ch\u0103m s\u00f3c s\u1ee9c kh\u1ecfe \u0111\u00e1p \u1ee9ng t\u1ed1t nh\u1ea5t nhu c\u1ea7u c\u1ee7a h\u1ecd.<\/span><\/p>\n<p><span style=\"color: #939598;\">V\u0103n ph\u00f2ng: 415-352-5001\u00a0<\/span><\/p>\n<\/div><\/div><\/div><div style=\"border-color:rgba(255,255,255,0);\" class=\"fusion-column content-box-column content-box-column content-box-column-2 col-lg-12 col-md-12 col-sm-12 fusion-content-box-hover content-box-column-last-in-row\"><div class=\"col content-box-wrapper content-wrapper link-area-link-icon content-icon-wrapper-yes icon-hover-animation-fade\" style=\"background-color:rgba(255,255,255,0);\" data-animationoffset=\"100%\"><div class=\"heading heading-with-icon icon-left\"><div class=\"image\"><img decoding=\"async\" src=\"https:\/\/ghia-ca.com\/wp-content\/uploads\/2025\/04\/Photo_Yonglan_Lamy_Guan-L-259x300.jpg\" width=\"250\" height=\"289.58\" alt=\"\" \/><\/div><h2 class=\"content-box-heading\" style=\"font-size:24px;line-height:29px;padding-left:270px;\">Lam Quan (\u95dc\u6cf3\u5d50)<\/h2><\/div><div class=\"fusion-clearfix\"><\/div><div class=\"content-container\" style=\"padding-left:270px;color:#4a4e57;\">\n<p><span style=\"color: #939598;\">Ng\u00f4n ng\u1eef: Ti\u1ebfng Anh, Ti\u1ebfng Qu\u1ea3ng \u0110\u00f4ng, Ti\u1ebfng Quan Tho\u1ea1i<\/span><br \/>\n<span style=\"color: #939598;\">Gi\u1ea5y ph\u00e9p CA #: 4031950<\/span><\/p>\n<p><span style=\"color: #939598;\">Lamy l\u00e0 m\u1ed9t \u0111\u1ea1i l\u00fd b\u1ea3o hi\u1ec3m y t\u1ebf \u0111\u01b0\u1ee3c c\u1ea5p ph\u00e9p v\u1edbi n\u1ec1n t\u1ea3ng v\u1eefng ch\u1eafc v\u1ec1 d\u1ecbch v\u1ee5 ch\u0103m s\u00f3c b\u1ec7nh nh\u00e2n. V\u1edbi nhi\u1ec1u n\u0103m kinh nghi\u1ec7m th\u1ef1c t\u1ebf h\u1ed7 tr\u1ee3 c\u00e1c c\u00e1 nh\u00e2n trong m\u00f4i tr\u01b0\u1eddng ch\u0103m s\u00f3c s\u1ee9c kh\u1ecfe, c\u00f4 mang \u0111\u1ebfn c\u00e1ch ti\u1ebfp c\u1eadn l\u1ea5y kh\u00e1ch h\u00e0ng l\u00e0m trung t\u00e2m, \u0111\u1ea7y l\u00f2ng tr\u1eafc \u1ea9n cho m\u1ecdi t\u01b0\u01a1ng t\u00e1c. Lamy \u0111am m\u00ea trao quy\u1ec1n cho b\u1ec7nh nh\u00e2n \u0111\u1ec3 \u0111\u01b0a ra quy\u1ebft \u0111\u1ecbnh ch\u0103m s\u00f3c s\u1ee9c kh\u1ecfe s\u00e1ng su\u1ed1t v\u00e0 t\u1ef1 h\u00e0o gi\u00fap ng\u01b0\u1eddi cao tu\u1ed5i hi\u1ec3u v\u00e0 \u0111i\u1ec1u h\u01b0\u1edbng c\u00e1c h\u01b0\u1edbng d\u1eabn ch\u00ednh c\u1ee7a Medicare.<\/span><\/p>\n<p><span style=\"color: #939598;\">V\u0103n ph\u00f2ng: 415-352-5001\u00a0<\/span><\/p>\n<\/div><\/div><\/div><div style=\"border-color:rgba(255,255,255,0);\" class=\"fusion-column content-box-column content-box-column content-box-column-3 col-lg-12 col-md-12 col-sm-12 fusion-content-box-hover content-box-column-last-in-row\"><div class=\"col content-box-wrapper content-wrapper link-area-link-icon content-icon-wrapper-yes icon-hover-animation-fade\" style=\"background-color:rgba(255,255,255,0);\" data-animationoffset=\"100%\"><div class=\"heading heading-with-icon icon-left\"><div class=\"image\"><img decoding=\"async\" src=\"https:\/\/ghia-ca.com\/wp-content\/uploads\/2025\/04\/Photo_Jiapei_Lucas_Liu-L-259x300.jpg\" width=\"250\" height=\"289.58\" alt=\"\" \/><\/div><h2 class=\"content-box-heading\" style=\"font-size:24px;line-height:29px;padding-left:270px;\">Lucas Liu (\u5289\u5609\u57f9)<\/h2><\/div><div class=\"fusion-clearfix\"><\/div><div class=\"content-container\" style=\"padding-left:270px;color:#4a4e57;\">\n<p><span style=\"color: #939598;\">Ng\u00f4n ng\u1eef: Ti\u1ebfng Anh, Ti\u1ebfng Qu\u1ea3ng \u0110\u00f4ng, Ti\u1ebfng Quan Tho\u1ea1i<\/span><\/p>\n<p><span style=\"color: #939598;\">Gi\u1ea5y ph\u00e9p CA #: 0L28425<\/span><\/p>\n<p><span style=\"color: #939598;\">Lucas l\u00e0 c\u1ed9ng s\u1ef1 b\u00e1n h\u00e0ng t\u1eadn t\u1ee5y v\u1edbi h\u01a1n 8 n\u0103m kinh nghi\u1ec7m trong l\u0129nh v\u1ef1c b\u1ea3o hi\u1ec3m v\u00e0 l\u1eadp k\u1ebf ho\u1ea1ch t\u00e0i ch\u00ednh. L\u00e0 m\u1ed9t \u0111\u1ea1i l\u00fd b\u1ea3o hi\u1ec3m y t\u1ebf \u0111\u01b0\u1ee3c c\u1ea5p ph\u00e9p, anh \u1ea5y \u0111am m\u00ea gi\u00fap \u0111\u1ee1 c\u00e1c c\u00e1 nh\u00e2n v\u00e0 gia \u0111\u00ecnh t\u00ecm \u0111\u01b0\u1ee3c ph\u1ea1m vi b\u1ea3o hi\u1ec3m ph\u00f9 h\u1ee3p \u0111\u1ec3 \u0111\u00e1p \u1ee9ng nhu c\u1ea7u ri\u00eang c\u1ee7a h\u1ecd. M\u1ee5c ti\u00eau c\u1ee7a anh \u1ea5y l\u00e0 trao quy\u1ec1n cho kh\u00e1ch h\u00e0ng \u0111\u01b0a ra quy\u1ebft \u0111\u1ecbnh s\u00e1ng su\u1ed1t v\u1ec1 b\u1ea3o hi\u1ec3m y t\u1ebf c\u1ee7a h\u1ecd b\u1eb1ng c\u00e1ch hi\u1ec3u ho\u00e0n c\u1ea3nh c\u1ee5 th\u1ec3, ng\u00e2n s\u00e1ch v\u00e0 m\u1ee5c ti\u00eau d\u00e0i h\u1ea1n c\u1ee7a h\u1ecd. Li\u00ean h\u1ec7 v\u1edbi Lucas ngay h\u00f4m nay \u0111\u1ec3 th\u1ea3o lu\u1eadn v\u1ec1 nhu c\u1ea7u, m\u1ee5c ti\u00eau b\u1ea3o hi\u1ec3m y t\u1ebf c\u1ee7a b\u1ea1n v\u00e0 x\u00e1c \u0111\u1ecbnh c\u00e1c t\u00f9y ch\u1ecdn ph\u00f9 h\u1ee3p nh\u1ea5t v\u1edbi b\u1ea1n.<\/span><\/p>\n<p><span style=\"color: #939598;\">V\u0103n ph\u00f2ng: 415-352-5001\u00a0<\/span><\/p>\n<\/div><\/div><\/div><div style=\"border-color:rgba(255,255,255,0);\" class=\"fusion-column content-box-column content-box-column content-box-column-4 col-lg-12 col-md-12 col-sm-12 fusion-content-box-hover content-box-column-last-in-row\"><div class=\"col content-box-wrapper content-wrapper link-area-link-icon content-icon-wrapper-yes icon-hover-animation-fade\" style=\"background-color:rgba(255,255,255,0);\" data-animationoffset=\"100%\"><div class=\"heading heading-with-icon icon-left\"><div class=\"image\"><img decoding=\"async\" src=\"https:\/\/ghia-ca.com\/wp-content\/uploads\/2025\/08\/Photo_KrisHuen-L-259x300.jpg\" width=\"250\" height=\"289.58\" alt=\"\" \/><\/div><h2 class=\"content-box-heading\" style=\"font-size:24px;line-height:29px;padding-left:270px;\">Kris Huen (\ud85d\udf41\u5ef7\u5149)<\/h2><\/div><div class=\"fusion-clearfix\"><\/div><div class=\"content-container\" style=\"padding-left:270px;color:#4a4e57;\">\n<p><span style=\"color: #939598;\">Ng\u00f4n ng\u1eef: Ti\u1ebfng Anh, Ti\u1ebfng Qu\u1ea3ng \u0110\u00f4ng, Ti\u1ebfng Quan Tho\u1ea1i<\/span><\/p>\n<p><span style=\"color: #939598;\">Gi\u1ea5y ph\u00e9p CA #: 4480270<\/span><\/p>\n<p>V\u1edbi h\u01a1n n\u0103m n\u0103m kinh nghi\u1ec7m trong l\u0129nh v\u1ef1c ch\u0103m s\u00f3c s\u1ee9c kh\u1ecfe \u0111\u01b0\u1ee3c qu\u1ea3n l\u00fd, Kris gi\u00fap vi\u1ec7c mua b\u1ea3o hi\u1ec3m y t\u1ebf tr\u1edf n\u00ean \u0111\u01a1n gi\u1ea3n v\u00e0 d\u1ec5 d\u00e0ng. Kris t\u1eadn t\u00e2m h\u01b0\u1edbng d\u1eabn m\u1ecdi ng\u01b0\u1eddi l\u1ef1a ch\u1ecdn c\u00e1c g\u00f3i b\u1ea3o hi\u1ec3m y t\u1ebf, \u0111\u1ea3m b\u1ea3o m\u1ed7i c\u00e1 nh\u00e2n \u0111\u1ec1u c\u1ea3m th\u1ea5y t\u1ef1 tin trong t\u1eebng b\u01b0\u1edbc. M\u1ee5c ti\u00eau c\u1ee7a anh \u1ea5y l\u00e0 l\u1eafng nghe, th\u1ea5u hi\u1ec3u nhu c\u1ea7u ri\u00eang c\u1ee7a b\u1ea1n v\u00e0 cung c\u1ea5p c\u00e1c gi\u1ea3i ph\u00e1p r\u00f5 r\u00e0ng, \u0111\u01b0\u1ee3c c\u00e1 nh\u00e2n h\u00f3a, mang l\u1ea1i s\u1ef1 an t\u00e2m cho b\u1ea1n. Kris lu\u00f4n t\u00e2m huy\u1ebft gi\u00fap c\u1ed9ng \u0111\u1ed3ng ng\u01b0\u1eddi cao tu\u1ed5i nh\u1eadn \u0111\u01b0\u1ee3c s\u1ef1 ch\u0103m s\u00f3c v\u00e0 b\u1ea3o hi\u1ec3m m\u00e0 h\u1ecd x\u1ee9ng \u0111\u00e1ng v\u1edbi s\u1ef1 ki\u00ean nh\u1eabn, chuy\u00ean nghi\u1ec7p v\u00e0 c\u00e1ch ti\u1ebfp c\u1eadn th\u00e2n thi\u1ec7n.<\/p>\n<p><span style=\"color: #939598;\">V\u0103n ph\u00f2ng: 415-352-5001\u00a0<\/span><\/p>\n<\/div><\/div><\/div><div style=\"border-color:rgba(255,255,255,0);\" class=\"fusion-column content-box-column content-box-column content-box-column-5 col-lg-12 col-md-12 col-sm-12 fusion-content-box-hover content-box-column-last content-box-column-last-in-row\"><div class=\"col content-box-wrapper content-wrapper link-area-link-icon content-icon-wrapper-yes icon-hover-animation-fade\" style=\"background-color:rgba(255,255,255,0);\" data-animationoffset=\"100%\"><div class=\"heading heading-with-icon icon-left\"><div class=\"image\"><img decoding=\"async\" src=\"https:\/\/ghia-ca.com\/wp-content\/uploads\/2024\/06\/user-150x148.png\" width=\"250\" height=\"246.67\" alt=\"\" \/><\/div><h2 class=\"content-box-heading\" style=\"font-size:24px;line-height:29px;padding-left:270px;\">S\u1eafp ra m\u1eaft!<\/h2><\/div><div class=\"fusion-clearfix\"><\/div><div class=\"content-container\" style=\"padding-left:270px;color:#4a4e57;\">\n<p><span style=\"color: #939598;\">Ng\u00f4n ng\u1eef:<\/span><br \/>\n<span style=\"color: #939598;\">Gi\u1ea5y ph\u00e9p CA #:<\/span><br \/>\n<span style=\"color: #939598;\">~<\/span><br \/>\n<span style=\"color: #939598;\">{{Li\u00ean h\u1ec7 v\u1edbi t\u00f4i (\u0110i\u1ec7n tho\u1ea1i\/Email)}}<\/span><\/p>\n<\/div><\/div><\/div><style type=\"text\/css\">\n\t\t\t\t\t\t.fusion-content-boxes-1 .fusion-content-box-hover .heading-link:hover .icon i.circle-yes,\n\t\t\t\t\t\t.fusion-content-boxes-1 .fusion-content-box-hover .link-area-box:hover .heading-link .icon i.circle-yes,\n\t\t\t\t\t\t.fusion-content-boxes-1 .fusion-content-box-hover .link-area-link-icon-hover .heading .icon i.circle-yes,\n\t\t\t\t\t\t.fusion-content-boxes-1 .fusion-content-box-hover .link-area-box-hover .heading .icon i.circle-yes {\n\t\t\t\t\t\t\tbackground-color: #d5ad34 !important;\n\t\t\t\t\t\t\tborder-color: #d5ad34 !important;\n\t\t\t\t\t\t}<\/style><div class=\"fusion-clearfix\"><\/div><\/div><div class=\"fusion-clearfix\"><\/div><\/div><\/div><\/div><\/div><style type=\"text\/css\">.fusion-fullwidth.fusion-builder-row-1 a:not(.fusion-button):not(.fusion-builder-module-control):not(.fusion-social-network-icon):not(.fb-icon-element):not(.fusion-countdown-link):not(.fusion-rollover-link):not(.fusion-rollover-gallery):not(.add_to_cart_button):not(.show_details_button):not(.product_type_external):not(.fusion-quick-view):not(.fusion-rollover-title-link) , .fusion-fullwidth.fusion-builder-row-1 a:not(.fusion-button):not(.fusion-builder-module-control):not(.fusion-social-network-icon):not(.fb-icon-element):not(.fusion-countdown-link):not(.fusion-rollover-link):not(.fusion-rollover-gallery):not(.add_to_cart_button):not(.show_details_button):not(.product_type_external):not(.fusion-quick-view):not(.fusion-rollover-title-link):before, .fusion-fullwidth.fusion-builder-row-1 a:not(.fusion-button):not(.fusion-builder-module-control):not(.fusion-social-network-icon):not(.fb-icon-element):not(.fusion-countdown-link):not(.fusion-rollover-link):not(.fusion-rollover-gallery):not(.add_to_cart_button):not(.show_details_button):not(.product_type_external):not(.fusion-quick-view):not(.fusion-rollover-title-link):after {color: #212934;}.fusion-fullwidth.fusion-builder-row-1 a:not(.fusion-button):not(.fusion-builder-module-control):not(.fusion-social-network-icon):not(.fb-icon-element):not(.fusion-countdown-link):not(.fusion-rollover-link):not(.fusion-rollover-gallery):not(.add_to_cart_button):not(.show_details_button):not(.product_type_external):not(.fusion-quick-view):not(.fusion-rollover-title-link):hover, .fusion-fullwidth.fusion-builder-row-1 a:not(.fusion-button):not(.fusion-builder-module-control):not(.fusion-social-network-icon):not(.fb-icon-element):not(.fusion-countdown-link):not(.fusion-rollover-link):not(.fusion-rollover-gallery):not(.add_to_cart_button):not(.show_details_button):not(.product_type_external):not(.fusion-quick-view):not(.fusion-rollover-title-link):hover:before, .fusion-fullwidth.fusion-builder-row-1 a:not(.fusion-button):not(.fusion-builder-module-control):not(.fusion-social-network-icon):not(.fb-icon-element):not(.fusion-countdown-link):not(.fusion-rollover-link):not(.fusion-rollover-gallery):not(.add_to_cart_button):not(.show_details_button):not(.product_type_external):not(.fusion-quick-view):not(.fusion-rollover-title-link):hover:after {color: #65bc7b;}.fusion-fullwidth.fusion-builder-row-1 .pagination a.inactive:hover, .fusion-fullwidth.fusion-builder-row-1 .fusion-filters .fusion-filter.fusion-active a {border-color: #65bc7b;}.fusion-fullwidth.fusion-builder-row-1 .pagination .current {border-color: #65bc7b; background-color: #65bc7b;}.fusion-fullwidth.fusion-builder-row-1 .fusion-filters .fusion-filter.fusion-active a, .fusion-fullwidth.fusion-builder-row-1 .fusion-date-and-formats .fusion-format-box, .fusion-fullwidth.fusion-builder-row-1 .fusion-popover, .fusion-fullwidth.fusion-builder-row-1 .tooltip-shortcode {color: #65bc7b;}#main .fusion-fullwidth.fusion-builder-row-1 .post .blog-shortcode-post-title a:hover {color: #65bc7b;}<\/style>","protected":false},"excerpt":{"rendered":"","protected":false},"author":2,"featured_media":0,"parent":0,"menu_order":0,"comment_status":"closed","ping_status":"closed","template":"","meta":{"footnotes":""},"class_list":["post-103","page","type-page","status-publish","hentry"],"_links":{"self":[{"href":"https:\/\/ghia-ca.com\/vi\/wp-json\/wp\/v2\/pages\/103","targetHints":{"allow":["GET"]}}],"collection":[{"href":"https:\/\/ghia-ca.com\/vi\/wp-json\/wp\/v2\/pages"}],"about":[{"href":"https:\/\/ghia-ca.com\/vi\/wp-json\/wp\/v2\/types\/page"}],"author":[{"embeddable":true,"href":"https:\/\/ghia-ca.com\/vi\/wp-json\/wp\/v2\/users\/2"}],"replies":[{"embeddable":true,"href":"https:\/\/ghia-ca.com\/vi\/wp-json\/wp\/v2\/comments?post=103"}],"version-history":[{"count":0,"href":"https:\/\/ghia-ca.com\/vi\/wp-json\/wp\/v2\/pages\/103\/revisions"}],"wp:attachment":[{"href":"https:\/\/ghia-ca.com\/vi\/wp-json\/wp\/v2\/media?parent=103"}],"curies":[{"name":"wp","href":"https:\/\/api.w.org\/{rel}","templated":true}]}}