{"id":105,"date":"2024-06-18T12:57:58","date_gmt":"2024-06-18T12:57:58","guid":{"rendered":"http:\/\/35.88.158.37\/?page_id=105"},"modified":"2024-07-12T03:53:46","modified_gmt":"2024-07-12T03:53:46","slug":"enrollment","status":"publish","type":"page","link":"https:\/\/ghia-ca.com\/vi\/enrollment\/","title":{"rendered":"Quy tr\u00ecnh ghi danh Medicare"},"content":{"rendered":"<div class=\"fusion-fullwidth fullwidth-box fusion-builder-row-1 nonhundred-percent-fullwidth non-hundred-percent-height-scrolling\"  style='background-color: rgba(255,255,255,0);background-position: center center;background-repeat: no-repeat;padding-top:0px;padding-right:0px;padding-bottom:0px;padding-left:0px;'><div class=\"fusion-builder-row fusion-row\"><div  class=\"fusion-layout-column fusion_builder_column fusion_builder_column_1_1 fusion-builder-column-0 fusion-one-full fusion-column-first fusion-column-last 1_1\"  style='margin-top:0px;margin-bottom:20px;'><div class=\"fusion-column-wrapper\" style=\"padding: 0px 0px 0px 0px;background-position:left top;background-repeat:no-repeat;-webkit-background-size:cover;-moz-background-size:cover;-o-background-size:cover;background-size:cover;\"   data-bg-url=\"\"><div class=\"fusion-text\"><p><span style=\"color: #939598;\">Hi\u1ec3u \u0111\u01b0\u1ee3c s\u1ef1 ph\u1ee9c t\u1ea1p c\u1ee7a c\u00e1c ch\u01b0\u01a1ng tr\u00ecnh Medicare \u0111\u00f2i h\u1ecfi ph\u1ea3i c\u00f3 chuy\u00ean m\u00f4n, \u0111\u1eb7c bi\u1ec7t l\u00e0 \u1edf Bay Area, n\u01a1i c\u00f3 nhi\u1ec1u ch\u01b0\u01a1ng tr\u00ecnh Medicare Advantage. Golden Heritage \u1edf \u0111\u00e2y \u0111\u1ec3 gi\u00fap b\u1ea1n \u0111i\u1ec1u h\u01b0\u1edbng qua c\u00e1c l\u1ef1a ch\u1ecdn ch\u0103m s\u00f3c s\u1ee9c kh\u1ecfe c\u1ee7a m\u00ecnh.<\/span><\/p>\n<\/div><div class=\"fusion-button-wrapper fusion-aligncenter\"><style type=\"text\/css\">.fusion-button.button-1 .fusion-button-text, .fusion-button.button-1 i {color:#ffffff;}.fusion-button.button-1 .fusion-button-icon-divider{border-color:#ffffff;}.fusion-button.button-1:hover .fusion-button-text, .fusion-button.button-1:hover i,.fusion-button.button-1:focus .fusion-button-text, .fusion-button.button-1:focus i,.fusion-button.button-1:active .fusion-button-text, .fusion-button.button-1:active{color:#ffffff;}.fusion-button.button-1:hover .fusion-button-icon-divider, .fusion-button.button-1:hover .fusion-button-icon-divider, .fusion-button.button-1:active .fusion-button-icon-divider{border-color:#ffffff;}.fusion-button.button-1:hover, .fusion-button.button-1:focus, .fusion-button.button-1:active{border-color:#ffffff;}.fusion-button.button-1 {border-color:#ffffff;border-radius:4px;}.fusion-button.button-1{background: #245999;\n\t\t\t\t\t\t\tbackground-image: -webkit-gradient( linear, left bottom, left top, from( #4488bf ), to( #245999 ) );\n\t\t\t\t\t\t\tbackground-image: -webkit-linear-gradient( bottom, #4488bf, #245999 );\n\t\t\t\t\t\t\tbackground-image:   -moz-linear-gradient( bottom, #4488bf, #245999 );\n\t\t\t\t\t\t\tbackground-image:     -o-linear-gradient( bottom, #4488bf, #245999 );\n\t\t\t\t\t\t\tbackground-image: linear-gradient( to top, #4488bf, #245999 );}.fusion-button.button-1:hover,.button-1:focus,.fusion-button.button-1:active{background: #245999;}<\/style><a class=\"fusion-button button-flat fusion-button-default-size button-custom button-1 fusion-button-default-span fusion-button-default-type\" target=\"_self\" href=\"https:\/\/ghiacacom.wpenginepowered.com\/contact-us\/\"><span class=\"fusion-button-text\">B\u1ea0N \u0110\u00c3 S\u1eb4N S\u00c0NG \u0110\u1ec2 T\u00ccM HI\u1ec2U TH\u00caM? Li\u00ean h\u1ec7 v\u1edbi ch\u00fang t\u00f4i ngay h\u00f4m nay!<\/span><\/a><\/div><style type=\"text\/css\">@media only screen and (max-width:800px) {.fusion-title.fusion-title-1{margin-top:10px!important;margin-bottom:10px!important;}}<\/style><div class=\"fusion-title title fusion-title-1 fusion-sep-none fusion-title-text fusion-title-size-three\" style=\"margin-top:10px;margin-bottom:15px;\"><h3 class=\"title-heading-left\" style=\"margin:0;\"><span style=\"color: #245999;\"><strong>Medicare l\u00e0 g\u00ec?<\/strong><\/span><\/h3><\/div><div class=\"fusion-text\"><p><span style=\"color: #939598;\">Medicare l\u00e0 ch\u01b0\u01a1ng tr\u00ecnh b\u1ea3o hi\u1ec3m y t\u1ebf li\u00ean bang d\u00e0nh cho nh\u1eefng ng\u01b0\u1eddi t\u1eeb 65 tu\u1ed5i tr\u1edf l\u00ean, m\u1ed9t s\u1ed1 ng\u01b0\u1eddi khuy\u1ebft t\u1eadt v\u00e0 nh\u1eefng ng\u01b0\u1eddi m\u1eafc b\u1ec7nh th\u1eadn giai \u0111o\u1ea1n cu\u1ed1i (suy th\u1eadn v\u0129nh vi\u1ec5n c\u1ea7n ph\u1ea3i l\u1ecdc th\u1eadn ho\u1eb7c gh\u00e9p th\u1eadn, \u0111\u00f4i khi g\u1ecdi l\u00e0 ESRD).<\/span><\/p>\n<\/div><style type=\"text\/css\">#accordion-105-1 .fusion-panel:hover, #accordion-105-1 .fusion-panel.hover{ background-color: #f9f9fb } #accordion-105-1 .fusion-panel { border-color:#e2e2e2; border-width:1px; background-color:#ffffff; }.fusion-accordian  #accordion-105-1 .panel-title a .fa-fusion-box{ color: #ffffff;}.fusion-accordian  #accordion-105-1 .panel-title a .fa-fusion-box:before{ font-size: 16px; width: 16px;}.fusion-accordian  #accordion-105-1 .fa-fusion-box { background-color: #212934;border-color: #212934;}.fusion-accordian  #accordion-105-1 .panel-title a:hover, #accordion-105-1 .fusion-toggle-boxed-mode:hover .panel-title a { color: #d5ad34;}.fusion-accordian  #accordion-105-1 .panel-title .active .fa-fusion-box,.fusion-accordian  #accordion-105-1 .panel-title a:hover .fa-fusion-box { background-color: #d5ad34!important;border-color: #d5ad34!important;}<\/style><div class=\"accordian fusion-accordian\"><div class=\"panel-group\" id=\"accordion-105-1\" role=\"tablist\"><div class=\"fusion-panel panel-default fusion-toggle-no-divider fusion-toggle-boxed-mode\" role=\"tabpanel\"><div class=\"panel-heading\"><h4 class=\"panel-title toggle\"><a aria-expanded=\"false\" aria-selected=\"false\" aria-controls=\"bcaa246216172fa84\" role=\"tab\" data-toggle=\"collapse\" data-target=\"#bcaa246216172fa84\" href=\"#bcaa246216172fa84\"><span class=\"fusion-toggle-icon-wrapper\" aria-hidden=\"true\"><i class=\"fa-fusion-box\"><\/i><\/span><span class=\"fusion-toggle-heading\">Ai \u0111\u1ee7 \u0111i\u1ec1u ki\u1ec7n tham gia Medicare?<\/span><\/a><\/h4><\/div><div id=\"bcaa246216172fa84\" class=\"panel-collapse collapse\"><div class=\"panel-body toggle-content fusion-clearfix\">\n<p><span style=\"color: #939598;\">\u0110\u1ec3 \u0111\u1ee7 \u0111i\u1ec1u ki\u1ec7n tham gia Medicare, b\u1ea1n ph\u1ea3i l\u00e0 c\u00f4ng d\u00e2n Hoa K\u1ef3 ho\u1eb7c th\u01b0\u1eddng tr\u00fa nh\u00e2n v\u00e0 \u0111\u00e3 s\u1ed1ng t\u1ea1i Hoa K\u1ef3 trong 5 n\u0103m li\u00ean ti\u1ebfp.<\/span><\/p>\n<p><span style=\"color: #939598;\">B\u1ea1n \u0111\u1ee7 \u0111i\u1ec1u ki\u1ec7n h\u01b0\u1edfng Medicare n\u1ebfu:<\/span><\/p>\n<ul>\n<li><span style=\"color: #939598;\">B\u1ea1n \u0111\u00e3 65 tu\u1ed5i tr\u1edf l\u00ean; ho\u1eb7c<\/span><\/li>\n<li><span style=\"color: #939598;\">B\u1ea1n d\u01b0\u1edbi 65 tu\u1ed5i v\u00e0<\/span><\/li>\n<li><span style=\"color: #939598;\">b\u1ecb khuy\u1ebft t\u1eadt v\u00e0 \u0111\u00e3 nh\u1eadn B\u1ea3o hi\u1ec3m Khuy\u1ebft t\u1eadt An sinh X\u00e3 h\u1ed9i (SSDI) trong \u00edt nh\u1ea5t 24 th\u00e1ng; ho\u1eb7c<\/span><\/li>\n<li><span style=\"color: #939598;\">Ch\u1ea9n \u0111o\u00e1n B\u1ec7nh th\u1eadn giai \u0111o\u1ea1n cu\u1ed1i (ESRD); ho\u1eb7c<\/span><\/li>\n<li><span style=\"color: #939598;\">Ch\u1ea9n \u0111o\u00e1n m\u1eafc b\u1ec7nh ALS, c\u00f2n \u0111\u01b0\u1ee3c g\u1ecdi l\u00e0 b\u1ec7nh Lou Gehrig<\/span><\/li>\n<\/ul>\n<p><span style=\"color: #939598;\">Kh\u00f4ng c\u00f3 y\u00eau c\u1ea7u v\u1ec1 thu nh\u1eadp \u0111\u1ec3 \u0111\u1ee7 \u0111i\u1ec1u ki\u1ec7n tham gia Medicare.<\/span><\/p>\n<\/div><\/div><\/div><div class=\"fusion-panel panel-default fusion-toggle-no-divider fusion-toggle-boxed-mode\" role=\"tabpanel\"><div class=\"panel-heading\"><h4 class=\"panel-title toggle\"><a aria-expanded=\"false\" aria-selected=\"false\" aria-controls=\"d3a3752c62c672606\" role=\"tab\" data-toggle=\"collapse\" data-target=\"#d3a3752c62c672606\" href=\"#d3a3752c62c672606\"><span class=\"fusion-toggle-icon-wrapper\" aria-hidden=\"true\"><i class=\"fa-fusion-box\"><\/i><\/span><span class=\"fusion-toggle-heading\">C\u00e1c th\u00e0nh ph\u1ea7n c\u1ee7a Medicare<\/span><\/a><\/h4><\/div><div id=\"d3a3752c62c672606\" class=\"panel-collapse collapse\"><div class=\"panel-body toggle-content fusion-clearfix\">\n<p><span style=\"color: #939598;\">C\u00f3 b\u1ed1n th\u00e0nh ph\u1ea7n kh\u00e1c nhau c\u1ee7a B\u1ea3o hi\u1ec3m Medicare:<\/span><\/p>\n<p><span style=\"color: #939598;\">Ph\u1ea7n A \u2013 B\u1ea3o hi\u1ec3m b\u1ec7nh vi\u1ec7n<\/span><\/p>\n<ul>\n<li><span style=\"color: #939598;\">Ph\u1ea7n A bao g\u1ed3m ph\u1ea1m vi b\u1ea3o hi\u1ec3m cho Ch\u0103m s\u00f3c b\u1ec7nh nh\u00e2n n\u1ed9i tr\u00fa t\u1ea1i b\u1ec7nh vi\u1ec7n, C\u01a1 s\u1edf \u0111i\u1ec1u d\u01b0\u1ee1ng c\u00f3 chuy\u00ean m\u00f4n, Ch\u0103m s\u00f3c cu\u1ed1i \u0111\u1eddi<\/span><\/li>\n<\/ul>\n<p><span style=\"color: #939598;\">Ph\u1ea7n B \u2013 B\u1ea3o hi\u1ec3m y t\u1ebf ngo\u1ea1i tr\u00fa<\/span><\/p>\n<ul>\n<li><span style=\"color: #939598;\">Ph\u1ea7n B bao g\u1ed3m ph\u1ea1m vi b\u1ea3o hi\u1ec3m cho c\u00e1c d\u1ecbch v\u1ee5 y t\u1ebf c\u1ea7n thi\u1ebft v\u00e0 d\u1ecbch v\u1ee5 ph\u00f2ng ng\u1eeba.<\/span><\/li>\n<\/ul>\n<p><span style=\"color: #939598;\">Ph\u1ea7n C \u2013 C\u00e1c ch\u01b0\u01a1ng tr\u00ecnh Medicare Advantage<\/span><\/p>\n<ul>\n<li><span style=\"color: #939598;\">Ph\u1ea7n C \u0111i k\u00e8m v\u1edbi vi\u1ec7c tham gia K\u1ebf ho\u1ea1ch Medicare Advantage. C\u00e1c k\u1ebf ho\u1ea1ch n\u00e0y bao g\u1ed3m Ph\u1ea7n A &amp; B, c\u00f9ng v\u1edbi c\u00e1c quy\u1ec1n l\u1ee3i b\u1ed5 sung<\/span><\/li>\n<\/ul>\n<p><span style=\"color: #939598;\">Ph\u1ea7n D \u2013 C\u00e1c ch\u01b0\u01a1ng tr\u00ecnh thu\u1ed1c theo toa<\/span><\/p>\n<ul>\n<li><span style=\"color: #939598;\">Ph\u1ea7n D cung c\u1ea5p b\u1ea3o hi\u1ec3m cho chi ph\u00ed thu\u1ed1c theo toa. Ph\u1ea7n D \u0111\u01b0\u1ee3c cung c\u1ea5p cho t\u1ea5t c\u1ea3 m\u1ecdi ng\u01b0\u1eddi \u0111\u1ee7 \u0111i\u1ec1u ki\u1ec7n tham gia Medicare nh\u01b0ng vi\u1ec7c tham gia l\u00e0 t\u00f9y ch\u1ecdn.<\/span><\/li>\n<\/ul>\n<\/div><\/div><\/div><div class=\"fusion-panel panel-default fusion-toggle-no-divider fusion-toggle-boxed-mode\" role=\"tabpanel\"><div class=\"panel-heading\"><h4 class=\"panel-title toggle\"><a aria-expanded=\"false\" aria-selected=\"false\" aria-controls=\"bada7619d68998e6c\" role=\"tab\" data-toggle=\"collapse\" data-target=\"#bada7619d68998e6c\" href=\"#bada7619d68998e6c\"><span class=\"fusion-toggle-icon-wrapper\" aria-hidden=\"true\"><i class=\"fa-fusion-box\"><\/i><\/span><span class=\"fusion-toggle-heading\">Quy tr\u00ecnh \u0111\u0103ng k\u00fd Medicare l\u00e0 g\u00ec?<\/span><\/a><\/h4><\/div><div id=\"bada7619d68998e6c\" class=\"panel-collapse collapse\"><div class=\"panel-body toggle-content fusion-clearfix\">\n<p><span style=\"color: #939598;\">N\u1ebfu b\u1ea1n s\u1eafp \u0111\u1ebfn tu\u1ed5i 65 v\u00e0 b\u1ea1n nh\u1eadn \u0111\u01b0\u1ee3c An sinh x\u00e3 h\u1ed9i, b\u1ea1n s\u1ebd <strong>t\u1ef1 \u0111\u1ed9ng ghi danh v\u00e0o<\/strong> <strong>Medicare Ph\u1ea7n A (b\u1ea3o hi\u1ec3m b\u1ec7nh vi\u1ec7n) v\u00e0 Ph\u1ea7n B (b\u1ea3o hi\u1ec3m y t\u1ebf)<\/strong> khi b\u1ea1n tr\u00f2n 65 tu\u1ed5i. Kho\u1ea3ng 3 th\u00e1ng tr\u01b0\u1edbc sinh nh\u1eadt l\u1ea7n th\u1ee9 65 c\u1ee7a b\u1ea1n, Medicare s\u1ebd g\u1eedi cho b\u1ea1n m\u1ed9t g\u00f3i \u0111\u0103ng k\u00fd ban \u0111\u1ea7u c\u00f3 ch\u1ee9a th\u00f4ng tin chung v\u1ec1 Medicare, m\u1ed9t b\u1ea3ng c\u00e2u h\u1ecfi v\u00e0 th\u1ebb Medicare m\u00e0u \u0111\u1ecf-tr\u1eafng-xanh c\u1ee7a b\u1ea1n.<\/span><\/p>\n<p><span style=\"color: #939598;\">N\u1ebfu b\u1ea1n c\u00f3 c\u1ea3 Medicare Ph\u1ea7n A &amp; B th\u00ec \u0111\u1ee7 \u0111i\u1ec1u ki\u1ec7n \u0111\u1ec3 \u0111\u01b0\u1ee3c b\u1ea3o hi\u1ec3m Ph\u1ea7n C trong K\u1ebf ho\u1ea1ch Medical Advantage (MA). T\u1ea5t c\u1ea3 c\u00e1c k\u1ebf ho\u1ea1ch MA \u0111\u1ec1u bao g\u1ed3m b\u1ea3o hi\u1ec3m b\u1ec7nh vi\u1ec7n (Ph\u1ea7n A) v\u00e0 b\u1ea3o hi\u1ec3m y t\u1ebf (Ph\u1ea7n B). Ngo\u00e0i b\u1ea3o hi\u1ec3m Ph\u1ea7n A &amp; B, c\u00e1c k\u1ebf ho\u1ea1ch MA th\u01b0\u1eddng bao g\u1ed3m Ph\u1ea7n D, Thu\u1ed1c theo toa, b\u1ea3o hi\u1ec3m v\u00e0 c\u00e1c ph\u00fac l\u1ee3i b\u1ed5 sung, nh\u01b0 h\u1ed7 tr\u1ee3 \u0111i l\u1ea1i, ch\u0103m s\u00f3c nha khoa, t\u01b0 c\u00e1ch th\u00e0nh vi\u00ean ph\u00f2ng t\u1eadp th\u1ec3 d\u1ee5c \u2013 v\u00e0 nhi\u1ec1u h\u01a1n n\u1eefa!<\/span><\/p>\n<\/div><\/div><\/div><div class=\"fusion-panel panel-default fusion-toggle-no-divider fusion-toggle-boxed-mode\" role=\"tabpanel\"><div class=\"panel-heading\"><h4 class=\"panel-title toggle\"><a aria-expanded=\"false\" aria-selected=\"false\" aria-controls=\"95fa599bc8c0d96c9\" role=\"tab\" data-toggle=\"collapse\" data-target=\"#95fa599bc8c0d96c9\" href=\"#95fa599bc8c0d96c9\"><span class=\"fusion-toggle-icon-wrapper\" aria-hidden=\"true\"><i class=\"fa-fusion-box\"><\/i><\/span><span class=\"fusion-toggle-heading\">Khi n\u00e0o t\u00f4i c\u00f3 th\u1ec3 \u0111\u0103ng k\u00fd Medicare?<\/span><\/a><\/h4><\/div><div id=\"95fa599bc8c0d96c9\" class=\"panel-collapse collapse\"><div class=\"panel-body toggle-content fusion-clearfix\">\n<p><span style=\"color: #939598;\">C\u00f3 b\u1ed1n giai \u0111o\u1ea1n \u0111\u1ec3 \u0111\u0103ng k\u00fd Medicare:<\/span><\/p>\n<ol>\n<li><span style=\"color: #939598;\">Th\u1eddi gian ghi danh ban \u0111\u1ea7u (IEP)<\/span><\/li>\n<\/ol>\n<p><span style=\"color: #939598;\">\u2013 \u0110\u00e2y l\u00e0 kho\u1ea3ng th\u1eddi gian 7 th\u00e1ng b\u1eaft \u0111\u1ea7u 3 th\u00e1ng tr\u01b0\u1edbc th\u00e1ng b\u1ea1n 65 tu\u1ed5i.<sup>th<\/sup> sinh nh\u1eadt v\u00e0 k\u1ebft th\u00fac 3 th\u00e1ng sau th\u00e1ng th\u1ee9 65 c\u1ee7a b\u1ea1n<sup>th<\/sup> sinh nh\u1eadt.<\/span><\/p>\n<ol start=\"2\">\n<li><span style=\"color: #939598;\">Th\u1eddi gian tuy\u1ec3n sinh chung (GEP)<\/span><\/li>\n<\/ol>\n<p><span style=\"color: #939598;\">\u2013 K\u1ef3 tuy\u1ec3n sinh n\u00e0y di\u1ec5n ra h\u00e0ng n\u0103m t\u1eeb ng\u00e0y 1 th\u00e1ng 1<sup>th\u1ee9<\/sup> qua 31<sup>th\u1ee9<\/sup>. N\u1ebfu b\u1ea1n \u0111\u0103ng k\u00fd Medicare trong th\u1eddi gian GEP, ph\u1ea1m vi b\u1ea3o hi\u1ec3m c\u1ee7a b\u1ea1n c\u00f3 hi\u1ec7u l\u1ef1c v\u00e0o ng\u00e0y 1 th\u00e1ng 7 n\u0103m sau<\/span><\/p>\n<ol start=\"3\">\n<li><span style=\"color: #939598;\">Th\u1eddi gian ghi danh \u0111\u1eb7c bi\u1ec7t (SEP)<\/span><\/li>\n<\/ol>\n<p><span style=\"color: #939598;\">\u2013 \u0110\u00e2y l\u00e0 th\u1eddi gian ghi danh Medicare k\u00e9o d\u00e0i 8 th\u00e1ng d\u00e0nh cho c\u00e1c c\u00e1 nh\u00e2n sau khi vi\u1ec7c l\u00e0m hi\u1ec7n t\u1ea1i ho\u1eb7c ph\u1ea1m vi b\u1ea3o hi\u1ec3m y t\u1ebf nh\u00f3m c\u1ee7a h\u1ecd k\u1ebft th\u00fac. SEP b\u1eaft \u0111\u1ea7u v\u00e0o ng\u00e0y 1<sup>th\u1ee9<\/sup> ng\u00e0y c\u1ee7a 1<sup>th\u1ee9<\/sup> th\u00e1ng sau khi b\u1ea3o hi\u1ec3m k\u1ebft th\u00fac.<\/span><\/p>\n<ol start=\"4\">\n<li><span style=\"color: #939598;\">K\u1ef3 b\u1ea7u c\u1eed h\u00e0ng n\u0103m (AEP)<\/span><\/li>\n<\/ol>\n<p><span style=\"color: #939598;\">\u2013 AEP di\u1ec5n ra h\u00e0ng n\u0103m t\u1eeb ng\u00e0y 15 th\u00e1ng 10 \u0111\u1ebfn ng\u00e0y 7 th\u00e1ng 12. Kho\u1ea3ng th\u1eddi gian n\u00e0y cho ph\u00e9p nh\u1eefng c\u00e1 nh\u00e2n \u0111\u00e3 \u0111\u0103ng k\u00fd Medicare thay \u0111\u1ed5i ph\u1ea1m vi b\u1ea3o hi\u1ec3m Ph\u1ea7n C v\u00e0 Ph\u1ea7n D c\u1ee7a h\u1ecd. B\u1ea5t k\u1ef3 thay \u0111\u1ed5i n\u00e0o \u0111\u01b0\u1ee3c th\u1ef1c hi\u1ec7n trong th\u1eddi gian n\u00e0y s\u1ebd c\u00f3 hi\u1ec7u l\u1ef1c v\u00e0o ng\u00e0y 1 th\u00e1ng 1<sup>th\u1ee9<\/sup> c\u1ee7a n\u0103m d\u01b0\u01a1ng l\u1ecbch ti\u1ebfp theo.<\/span><\/p>\n<\/div><\/div><\/div><div class=\"fusion-panel panel-default fusion-toggle-no-divider fusion-toggle-boxed-mode\" role=\"tabpanel\"><div class=\"panel-heading\"><h4 class=\"panel-title toggle\"><a aria-expanded=\"false\" aria-selected=\"false\" aria-controls=\"4e98c5d3c755d3979\" role=\"tab\" data-toggle=\"collapse\" data-target=\"#4e98c5d3c755d3979\" href=\"#4e98c5d3c755d3979\"><span class=\"fusion-toggle-icon-wrapper\" aria-hidden=\"true\"><i class=\"fa-fusion-box\"><\/i><\/span><span class=\"fusion-toggle-heading\">L\u00e0m th\u1ebf n\u00e0o \u0111\u1ec3 t\u00f4i \u0111\u0103ng k\u00fd v\u00e0o Ch\u01b0\u01a1ng tr\u00ecnh Medicare Advantage?<\/span><\/a><\/h4><\/div><div id=\"4e98c5d3c755d3979\" class=\"panel-collapse collapse\"><div class=\"panel-body toggle-content fusion-clearfix\">\n<p><span style=\"color: #939598;\">N\u1ebfu b\u1ea1n \u0111\u1ee7 \u0111i\u1ec1u ki\u1ec7n tham gia Medicare ho\u1eb7c \u0111\u00e3 \u0111\u0103ng k\u00fd Medicare ban \u0111\u1ea7u, b\u1ea1n c\u00f3 th\u1ec3 t\u00ecm hi\u1ec3u v\u1ec1 c\u00e1c ch\u01b0\u01a1ng tr\u00ecnh Medicare Advantage v\u00ec ch\u00fang th\u01b0\u1eddng cung c\u1ea5p nhi\u1ec1u quy\u1ec1n l\u1ee3i h\u01a1n so v\u1edbi Medicare ban \u0111\u1ea7u.<\/span><\/p>\n<p><span style=\"color: #939598;\">C\u00f3 nhi\u1ec1u ch\u01b0\u01a1ng tr\u00ecnh Medicare Advantage tr\u00ean th\u1ecb tr\u01b0\u1eddng v\u00e0 m\u1ed7i ch\u01b0\u01a1ng tr\u00ecnh cung c\u1ea5p c\u00e1c quy\u1ec1n l\u1ee3i kh\u00e1c nhau, v\u00ec v\u1eady b\u1ea1n mu\u1ed1n t\u00ecm ch\u01b0\u01a1ng tr\u00ecnh ph\u00f9 h\u1ee3p nh\u1ea5t v\u1edbi nhu c\u1ea7u c\u1ee7a m\u00ecnh. Ch\u01b0\u01a1ng tr\u00ecnh Medicare Advantage l\u00e0 m\u1ed9t ch\u01b0\u01a1ng tr\u00ecnh Medicare Health Plan do m\u1ed9t c\u00f4ng ty t\u01b0 nh\u00e2n k\u00fd h\u1ee3p \u0111\u1ed3ng v\u1edbi Medicare cung c\u1ea5p. C\u00e1c ch\u01b0\u01a1ng tr\u00ecnh n\u00e0y bao g\u1ed3m Ph\u1ea7n A, Ph\u1ea7n B v\u00e0 th\u01b0\u1eddng bao g\u1ed3m c\u1ea3 ph\u1ea1m vi b\u1ea3o hi\u1ec3m thu\u1ed1c theo toa Ph\u1ea7n D. C\u00e1c ch\u01b0\u01a1ng tr\u00ecnh c\u00f3 th\u1ec3 cung c\u1ea5p m\u1ed9t s\u1ed1 quy\u1ec1n l\u1ee3i b\u1ed5 sung m\u00e0 Medicare ban \u0111\u1ea7u kh\u00f4ng chi tr\u1ea3.\u00a0<\/span><\/p>\n<p><span style=\"color: #939598;\">Quy\u1ebft \u0111\u1ecbnh c\u1ee7a b\u1ea1n v\u1ec1 c\u00e1ch nh\u1eadn Medicare \u1ea3nh h\u01b0\u1edfng \u0111\u1ebfn s\u1ed1 ti\u1ec1n b\u1ea1n ph\u1ea3i tr\u1ea3 cho ph\u1ea1m vi b\u1ea3o hi\u1ec3m, ch\u1eb3ng h\u1ea1n nh\u01b0 ph\u00ed b\u1ea3o hi\u1ec3m h\u00e0ng th\u00e1ng, kh\u1ea5u tr\u1eeb, \u0111\u1ed3ng thanh to\u00e1n v\u00e0 \u0111\u1ed3ng b\u1ea3o hi\u1ec3m. Th\u00f4ng th\u01b0\u1eddng, b\u1ea1n \u0111\u01b0\u1ee3c y\u00eau c\u1ea7u ch\u1ecdn m\u1ed9t nh\u00e0 cung c\u1ea5p trong m\u1ea1ng l\u01b0\u1edbi (T\u1ed5 ch\u1ee9c B\u1ea3o tr\u00ec S\u1ee9c kh\u1ecfe HMO), ch\u1ecdn m\u1ed9t b\u00e1c s\u0129 ch\u0103m s\u00f3c ch\u00ednh (PCP) v\u00e0 \u0111\u01b0\u1ee3c gi\u1edbi thi\u1ec7u \u0111\u1ec3 \u0111\u01b0\u1ee3c ch\u0103m s\u00f3c chuy\u00ean khoa (tr\u1eeb khi \u0111\u00f3 l\u00e0 tr\u01b0\u1eddng h\u1ee3p kh\u1ea9n c\u1ea5p ho\u1eb7c c\u1ea5p c\u1ee9u). C\u00e1c ch\u01b0\u01a1ng tr\u00ecnh n\u00e0y th\u01b0\u1eddng c\u00f3 chi ph\u00ed th\u1ea5p ho\u1eb7c kh\u00f4ng m\u1ea5t ph\u00ed, bao g\u1ed3m c\u00e1c quy\u1ec1n l\u1ee3i Ph\u1ea7n D v\u00e0 c\u00f3 th\u1ec3 cung c\u1ea5p m\u1ed9t s\u1ed1 quy\u1ec1n l\u1ee3i b\u1ed5 sung m\u00e0 Medicare G\u1ed1c kh\u00f4ng chi tr\u1ea3 \u2013 nh\u01b0 m\u1ed9t s\u1ed1 d\u1ecbch v\u1ee5 v\u1ec1 th\u1ecb l\u1ef1c, th\u00ednh l\u1ef1c v\u00e0 nha khoa. <\/span><\/p>\n<p><span style=\"color: #939598;\">Nh\u1ea5p v\u00e0o \u0111\u00e2y \u0111\u1ec3 bi\u1ebft th\u00f4ng tin li\u00ean l\u1ea1c v\u00e0 k\u1ebft n\u1ed1i v\u1edbi m\u1ed9t trong nh\u1eefng \u0111\u1ea1i l\u00fd hi\u1ec3u bi\u1ebft c\u1ee7a ch\u00fang t\u00f4i!<\/span><\/p>\n<\/div><\/div><\/div><\/div><\/div><div class=\"fusion-clearfix\"><\/div><\/div><\/div><\/div><\/div><style type=\"text\/css\">.fusion-fullwidth.fusion-builder-row-1 a:not(.fusion-button):not(.fusion-builder-module-control):not(.fusion-social-network-icon):not(.fb-icon-element):not(.fusion-countdown-link):not(.fusion-rollover-link):not(.fusion-rollover-gallery):not(.add_to_cart_button):not(.show_details_button):not(.product_type_external):not(.fusion-quick-view):not(.fusion-rollover-title-link) , .fusion-fullwidth.fusion-builder-row-1 a:not(.fusion-button):not(.fusion-builder-module-control):not(.fusion-social-network-icon):not(.fb-icon-element):not(.fusion-countdown-link):not(.fusion-rollover-link):not(.fusion-rollover-gallery):not(.add_to_cart_button):not(.show_details_button):not(.product_type_external):not(.fusion-quick-view):not(.fusion-rollover-title-link):before, .fusion-fullwidth.fusion-builder-row-1 a:not(.fusion-button):not(.fusion-builder-module-control):not(.fusion-social-network-icon):not(.fb-icon-element):not(.fusion-countdown-link):not(.fusion-rollover-link):not(.fusion-rollover-gallery):not(.add_to_cart_button):not(.show_details_button):not(.product_type_external):not(.fusion-quick-view):not(.fusion-rollover-title-link):after {color: #212934;}.fusion-fullwidth.fusion-builder-row-1 a:not(.fusion-button):not(.fusion-builder-module-control):not(.fusion-social-network-icon):not(.fb-icon-element):not(.fusion-countdown-link):not(.fusion-rollover-link):not(.fusion-rollover-gallery):not(.add_to_cart_button):not(.show_details_button):not(.product_type_external):not(.fusion-quick-view):not(.fusion-rollover-title-link):hover, .fusion-fullwidth.fusion-builder-row-1 a:not(.fusion-button):not(.fusion-builder-module-control):not(.fusion-social-network-icon):not(.fb-icon-element):not(.fusion-countdown-link):not(.fusion-rollover-link):not(.fusion-rollover-gallery):not(.add_to_cart_button):not(.show_details_button):not(.product_type_external):not(.fusion-quick-view):not(.fusion-rollover-title-link):hover:before, .fusion-fullwidth.fusion-builder-row-1 a:not(.fusion-button):not(.fusion-builder-module-control):not(.fusion-social-network-icon):not(.fb-icon-element):not(.fusion-countdown-link):not(.fusion-rollover-link):not(.fusion-rollover-gallery):not(.add_to_cart_button):not(.show_details_button):not(.product_type_external):not(.fusion-quick-view):not(.fusion-rollover-title-link):hover:after {color: #65bc7b;}.fusion-fullwidth.fusion-builder-row-1 .pagination a.inactive:hover, .fusion-fullwidth.fusion-builder-row-1 .fusion-filters .fusion-filter.fusion-active a {border-color: #65bc7b;}.fusion-fullwidth.fusion-builder-row-1 .pagination .current {border-color: #65bc7b; background-color: #65bc7b;}.fusion-fullwidth.fusion-builder-row-1 .fusion-filters .fusion-filter.fusion-active a, .fusion-fullwidth.fusion-builder-row-1 .fusion-date-and-formats .fusion-format-box, .fusion-fullwidth.fusion-builder-row-1 .fusion-popover, .fusion-fullwidth.fusion-builder-row-1 .tooltip-shortcode {color: #65bc7b;}#main .fusion-fullwidth.fusion-builder-row-1 .post .blog-shortcode-post-title a:hover {color: #65bc7b;}<\/style>","protected":false},"excerpt":{"rendered":"","protected":false},"author":2,"featured_media":0,"parent":0,"menu_order":0,"comment_status":"closed","ping_status":"closed","template":"","meta":{"footnotes":""},"class_list":["post-105","page","type-page","status-publish","hentry"],"_links":{"self":[{"href":"https:\/\/ghia-ca.com\/vi\/wp-json\/wp\/v2\/pages\/105","targetHints":{"allow":["GET"]}}],"collection":[{"href":"https:\/\/ghia-ca.com\/vi\/wp-json\/wp\/v2\/pages"}],"about":[{"href":"https:\/\/ghia-ca.com\/vi\/wp-json\/wp\/v2\/types\/page"}],"author":[{"embeddable":true,"href":"https:\/\/ghia-ca.com\/vi\/wp-json\/wp\/v2\/users\/2"}],"replies":[{"embeddable":true,"href":"https:\/\/ghia-ca.com\/vi\/wp-json\/wp\/v2\/comments?post=105"}],"version-history":[{"count":0,"href":"https:\/\/ghia-ca.com\/vi\/wp-json\/wp\/v2\/pages\/105\/revisions"}],"wp:attachment":[{"href":"https:\/\/ghia-ca.com\/vi\/wp-json\/wp\/v2\/media?parent=105"}],"curies":[{"name":"wp","href":"https:\/\/api.w.org\/{rel}","templated":true}]}}